{"id":81056,"date":"2026-02-25T09:48:33","date_gmt":"2026-02-25T12:48:33","guid":{"rendered":"https:\/\/bozza.com\/produto\/cartucho-calcio-chassi-graxa-ca-400\/"},"modified":"2026-04-28T13:58:29","modified_gmt":"2026-04-28T16:58:29","slug":"cartucho-calcio-chassi-graxa-ca-400","status":"publish","type":"product","link":"https:\/\/bozza.com\/es\/produto\/cartucho-calcio-chassi-graxa-ca-400\/","title":{"rendered":"Chasis de cartucho de calcio &#8211; Grasa &#8211; CA-400"},"content":{"rendered":"<ul>\n<li>Volumen: 400 g;\n<p>&nbsp;<\/li>\n<li>Consistencia NLGI: 2\/3;\n<p>&nbsp;<\/li>\n<li>Color: \u00c1mbar;<\/li>\n<li>Espesante: Jab\u00f3n de calcio;<\/li>\n<li>Viscosidad del aceite base a 40 \u00b0C (cSt): 110;<\/li>\n<li>Penetraci\u00f3n trabajada: 240-260;<\/li>\n<li>Punto de goteo (\u00b0C): \u2265 140;<\/li>\n<li>Separaci\u00f3n de aceite (%): 3;<\/li>\n<li>Corrosi\u00f3n de la hoja de cobre: \u200b\u200bAprobado;<\/li>\n<li>P\u00e9rdida por lavado (%): 2;<\/li>\n<li>Soldadura de cuatro bolas (kg): 3500 N;<\/li>\n<li>Precio sugerido:<\/li>\n<\/ul>\n","protected":false},"excerpt":{"rendered":"<p>La grasa de calcio CA-400 es una grasa de alta calidad, resistente al agua, ideal para flotas de veh\u00edculos, tractores, \u00e1reas industriales y otras aplicaciones donde la presencia de agua, salpicaduras o ambientes h\u00famedos puede comprometer la lubricaci\u00f3n y la protecci\u00f3n contra la corrosi\u00f3n. Formulada con un espesante a base de jab\u00f3n de calcio (12-hidroxiestearato) y aceite mineral de primera calidad, es apta para cojinetes lisos y de rodillos (elementos antifricci\u00f3n). Los cartuchos de grasa Bozza se utilizan ampliamente en aplicaciones industriales y otros sectores.<\/p>\n","protected":false},"featured_media":80370,"template":"","meta":{"_acf_changed":false},"product_brand":[],"product_cat":[353,324,1007,328],"product_tag":[368,369,350],"class_list":{"0":"post-81056","1":"product","2":"type-product","3":"status-publish","4":"has-post-thumbnail","6":"product_cat-bombas-manuais-es","7":"product_cat-lanzamientos","8":"product_cat-para-grasa","9":"product_cat-todos-os-produtos-es","10":"product_tag-bomba-manual-es","11":"product_tag-cartucho-de-graxa-es","12":"product_tag-graxa-es","14":"first","15":"instock","16":"shipping-taxable","17":"product-type-simple"},"acf":[],"yoast_head":"<!-- This site is optimized with the Yoast SEO plugin v26.9 - https:\/\/yoast.com\/product\/yoast-seo-wordpress\/ -->\n<title>Chasis de cartucho de calcio - Grasa - CA-400 | Bozza<\/title>\n<meta name=\"robots\" content=\"index, follow, max-snippet:-1, max-image-preview:large, max-video-preview:-1\" \/>\n<link rel=\"canonical\" href=\"https:\/\/bozza.com\/es\/produto\/cartucho-calcio-chassi-graxa-ca-400\/\" \/>\n<meta property=\"og:locale\" content=\"es_ES\" \/>\n<meta property=\"og:type\" content=\"article\" \/>\n<meta property=\"og:title\" content=\"Chasis de cartucho de calcio - Grasa - CA-400 | Bozza\" \/>\n<meta property=\"og:description\" content=\"La grasa de calcio CA-400 es una grasa de alta calidad, resistente al agua, ideal para flotas de veh\u00edculos, tractores, \u00e1reas industriales y otras aplicaciones donde la presencia de agua, salpicaduras o ambientes h\u00famedos puede comprometer la lubricaci\u00f3n y la protecci\u00f3n contra la corrosi\u00f3n. Formulada con un espesante a base de jab\u00f3n de calcio (12-hidroxiestearato) y aceite mineral de primera calidad, es apta para cojinetes lisos y de rodillos (elementos antifricci\u00f3n). Los cartuchos de grasa Bozza se utilizan ampliamente en aplicaciones industriales y otros sectores.\" \/>\n<meta property=\"og:url\" content=\"https:\/\/bozza.com\/es\/produto\/cartucho-calcio-chassi-graxa-ca-400\/\" \/>\n<meta property=\"og:site_name\" content=\"Bozza\" \/>\n<meta property=\"article:publisher\" content=\"https:\/\/www.facebook.com\/bozza.oficial\/\" \/>\n<meta property=\"article:modified_time\" content=\"2026-04-28T16:58:29+00:00\" \/>\n<meta property=\"og:image\" content=\"https:\/\/bozza.com\/wp-content\/uploads\/2026\/02\/06.150.0290_CARTUCHO-GRAXA-CALCIO_CA-400_BOZZA_1.jpg\" \/>\n\t<meta property=\"og:image:width\" content=\"1080\" \/>\n\t<meta property=\"og:image:height\" content=\"1079\" \/>\n\t<meta property=\"og:image:type\" content=\"image\/jpeg\" \/>\n<meta name=\"twitter:card\" content=\"summary_large_image\" \/>\n<meta name=\"twitter:label1\" content=\"Tiempo de lectura\" \/>\n\t<meta name=\"twitter:data1\" content=\"1 minuto\" \/>\n<script type=\"application\/ld+json\" class=\"yoast-schema-graph\">{\"@context\":\"https:\/\/schema.org\",\"@graph\":[{\"@type\":\"WebPage\",\"@id\":\"https:\/\/bozza.com\/es\/produto\/cartucho-calcio-chassi-graxa-ca-400\/\",\"url\":\"https:\/\/bozza.com\/es\/produto\/cartucho-calcio-chassi-graxa-ca-400\/\",\"name\":\"Chasis de cartucho de calcio - Grasa - CA-400 | Bozza\",\"isPartOf\":{\"@id\":\"https:\/\/bozza.com\/#website\"},\"primaryImageOfPage\":{\"@id\":\"https:\/\/bozza.com\/es\/produto\/cartucho-calcio-chassi-graxa-ca-400\/#primaryimage\"},\"image\":{\"@id\":\"https:\/\/bozza.com\/es\/produto\/cartucho-calcio-chassi-graxa-ca-400\/#primaryimage\"},\"thumbnailUrl\":\"https:\/\/bozza.com\/wp-content\/uploads\/2026\/02\/06.150.0290_CARTUCHO-GRAXA-CALCIO_CA-400_BOZZA_1.jpg\",\"datePublished\":\"2026-02-25T12:48:33+00:00\",\"dateModified\":\"2026-04-28T16:58:29+00:00\",\"breadcrumb\":{\"@id\":\"https:\/\/bozza.com\/es\/produto\/cartucho-calcio-chassi-graxa-ca-400\/#breadcrumb\"},\"inLanguage\":\"es\",\"potentialAction\":[{\"@type\":\"ReadAction\",\"target\":[\"https:\/\/bozza.com\/es\/produto\/cartucho-calcio-chassi-graxa-ca-400\/\"]}]},{\"@type\":\"ImageObject\",\"inLanguage\":\"es\",\"@id\":\"https:\/\/bozza.com\/es\/produto\/cartucho-calcio-chassi-graxa-ca-400\/#primaryimage\",\"url\":\"https:\/\/bozza.com\/wp-content\/uploads\/2026\/02\/06.150.0290_CARTUCHO-GRAXA-CALCIO_CA-400_BOZZA_1.jpg\",\"contentUrl\":\"https:\/\/bozza.com\/wp-content\/uploads\/2026\/02\/06.150.0290_CARTUCHO-GRAXA-CALCIO_CA-400_BOZZA_1.jpg\",\"width\":1080,\"height\":1079},{\"@type\":\"BreadcrumbList\",\"@id\":\"https:\/\/bozza.com\/es\/produto\/cartucho-calcio-chassi-graxa-ca-400\/#breadcrumb\",\"itemListElement\":[{\"@type\":\"ListItem\",\"position\":1,\"name\":\"In\u00edcio\",\"item\":\"https:\/\/bozza.com\/\"},{\"@type\":\"ListItem\",\"position\":2,\"name\":\"Produtos\",\"item\":\"https:\/\/bozza.com\/?page_id=70036\"},{\"@type\":\"ListItem\",\"position\":3,\"name\":\"Chasis de cartucho de calcio &#8211; Grasa &#8211; CA-400\"}]},{\"@type\":\"WebSite\",\"@id\":\"https:\/\/bozza.com\/#website\",\"url\":\"https:\/\/bozza.com\/\",\"name\":\"Bozza\",\"description\":\"Solu\u00e7\u00f5es em Lubrifica\u00e7\u00e3o\",\"publisher\":{\"@id\":\"https:\/\/bozza.com\/#organization\"},\"potentialAction\":[{\"@type\":\"SearchAction\",\"target\":{\"@type\":\"EntryPoint\",\"urlTemplate\":\"https:\/\/bozza.com\/?s={search_term_string}\"},\"query-input\":{\"@type\":\"PropertyValueSpecification\",\"valueRequired\":true,\"valueName\":\"search_term_string\"}}],\"inLanguage\":\"es\"},{\"@type\":\"Organization\",\"@id\":\"https:\/\/bozza.com\/#organization\",\"name\":\"Bozza\",\"url\":\"https:\/\/bozza.com\/\",\"logo\":{\"@type\":\"ImageObject\",\"inLanguage\":\"es\",\"@id\":\"https:\/\/bozza.com\/#\/schema\/logo\/image\/\",\"url\":\"\",\"contentUrl\":\"\",\"caption\":\"Bozza\"},\"image\":{\"@id\":\"https:\/\/bozza.com\/#\/schema\/logo\/image\/\"},\"sameAs\":[\"https:\/\/www.facebook.com\/bozza.oficial\/\",\"https:\/\/www.instagram.com\/bozzaoficial\/\",\"https:\/\/www.linkedin.com\/company\/bozza\/\",\"https:\/\/www.youtube.com\/channel\/UCQRiHYNpM4VQWF9YxVgSTsw?view_as=subscriber\"]}]}<\/script>\n<!-- \/ Yoast SEO plugin. -->","yoast_head_json":{"title":"Chasis de cartucho de calcio - Grasa - CA-400 | Bozza","robots":{"index":"index","follow":"follow","max-snippet":"max-snippet:-1","max-image-preview":"max-image-preview:large","max-video-preview":"max-video-preview:-1"},"canonical":"https:\/\/bozza.com\/es\/produto\/cartucho-calcio-chassi-graxa-ca-400\/","og_locale":"es_ES","og_type":"article","og_title":"Chasis de cartucho de calcio - Grasa - CA-400 | Bozza","og_description":"La grasa de calcio CA-400 es una grasa de alta calidad, resistente al agua, ideal para flotas de veh\u00edculos, tractores, \u00e1reas industriales y otras aplicaciones donde la presencia de agua, salpicaduras o ambientes h\u00famedos puede comprometer la lubricaci\u00f3n y la protecci\u00f3n contra la corrosi\u00f3n. Formulada con un espesante a base de jab\u00f3n de calcio (12-hidroxiestearato) y aceite mineral de primera calidad, es apta para cojinetes lisos y de rodillos (elementos antifricci\u00f3n). Los cartuchos de grasa Bozza se utilizan ampliamente en aplicaciones industriales y otros sectores.","og_url":"https:\/\/bozza.com\/es\/produto\/cartucho-calcio-chassi-graxa-ca-400\/","og_site_name":"Bozza","article_publisher":"https:\/\/www.facebook.com\/bozza.oficial\/","article_modified_time":"2026-04-28T16:58:29+00:00","og_image":[{"width":1080,"height":1079,"url":"https:\/\/bozza.com\/wp-content\/uploads\/2026\/02\/06.150.0290_CARTUCHO-GRAXA-CALCIO_CA-400_BOZZA_1.jpg","type":"image\/jpeg"}],"twitter_card":"summary_large_image","twitter_misc":{"Tiempo de lectura":"1 minuto"},"schema":{"@context":"https:\/\/schema.org","@graph":[{"@type":"WebPage","@id":"https:\/\/bozza.com\/es\/produto\/cartucho-calcio-chassi-graxa-ca-400\/","url":"https:\/\/bozza.com\/es\/produto\/cartucho-calcio-chassi-graxa-ca-400\/","name":"Chasis de cartucho de calcio - Grasa - CA-400 | Bozza","isPartOf":{"@id":"https:\/\/bozza.com\/#website"},"primaryImageOfPage":{"@id":"https:\/\/bozza.com\/es\/produto\/cartucho-calcio-chassi-graxa-ca-400\/#primaryimage"},"image":{"@id":"https:\/\/bozza.com\/es\/produto\/cartucho-calcio-chassi-graxa-ca-400\/#primaryimage"},"thumbnailUrl":"https:\/\/bozza.com\/wp-content\/uploads\/2026\/02\/06.150.0290_CARTUCHO-GRAXA-CALCIO_CA-400_BOZZA_1.jpg","datePublished":"2026-02-25T12:48:33+00:00","dateModified":"2026-04-28T16:58:29+00:00","breadcrumb":{"@id":"https:\/\/bozza.com\/es\/produto\/cartucho-calcio-chassi-graxa-ca-400\/#breadcrumb"},"inLanguage":"es","potentialAction":[{"@type":"ReadAction","target":["https:\/\/bozza.com\/es\/produto\/cartucho-calcio-chassi-graxa-ca-400\/"]}]},{"@type":"ImageObject","inLanguage":"es","@id":"https:\/\/bozza.com\/es\/produto\/cartucho-calcio-chassi-graxa-ca-400\/#primaryimage","url":"https:\/\/bozza.com\/wp-content\/uploads\/2026\/02\/06.150.0290_CARTUCHO-GRAXA-CALCIO_CA-400_BOZZA_1.jpg","contentUrl":"https:\/\/bozza.com\/wp-content\/uploads\/2026\/02\/06.150.0290_CARTUCHO-GRAXA-CALCIO_CA-400_BOZZA_1.jpg","width":1080,"height":1079},{"@type":"BreadcrumbList","@id":"https:\/\/bozza.com\/es\/produto\/cartucho-calcio-chassi-graxa-ca-400\/#breadcrumb","itemListElement":[{"@type":"ListItem","position":1,"name":"In\u00edcio","item":"https:\/\/bozza.com\/"},{"@type":"ListItem","position":2,"name":"Produtos","item":"https:\/\/bozza.com\/?page_id=70036"},{"@type":"ListItem","position":3,"name":"Chasis de cartucho de calcio &#8211; Grasa &#8211; CA-400"}]},{"@type":"WebSite","@id":"https:\/\/bozza.com\/#website","url":"https:\/\/bozza.com\/","name":"Bozza","description":"Solu\u00e7\u00f5es em Lubrifica\u00e7\u00e3o","publisher":{"@id":"https:\/\/bozza.com\/#organization"},"potentialAction":[{"@type":"SearchAction","target":{"@type":"EntryPoint","urlTemplate":"https:\/\/bozza.com\/?s={search_term_string}"},"query-input":{"@type":"PropertyValueSpecification","valueRequired":true,"valueName":"search_term_string"}}],"inLanguage":"es"},{"@type":"Organization","@id":"https:\/\/bozza.com\/#organization","name":"Bozza","url":"https:\/\/bozza.com\/","logo":{"@type":"ImageObject","inLanguage":"es","@id":"https:\/\/bozza.com\/#\/schema\/logo\/image\/","url":"","contentUrl":"","caption":"Bozza"},"image":{"@id":"https:\/\/bozza.com\/#\/schema\/logo\/image\/"},"sameAs":["https:\/\/www.facebook.com\/bozza.oficial\/","https:\/\/www.instagram.com\/bozzaoficial\/","https:\/\/www.linkedin.com\/company\/bozza\/","https:\/\/www.youtube.com\/channel\/UCQRiHYNpM4VQWF9YxVgSTsw?view_as=subscriber"]}]}},"_links":{"self":[{"href":"https:\/\/bozza.com\/es\/wp-json\/wp\/v2\/product\/81056","targetHints":{"allow":["GET"]}}],"collection":[{"href":"https:\/\/bozza.com\/es\/wp-json\/wp\/v2\/product"}],"about":[{"href":"https:\/\/bozza.com\/es\/wp-json\/wp\/v2\/types\/product"}],"wp:featuredmedia":[{"embeddable":true,"href":"https:\/\/bozza.com\/es\/wp-json\/wp\/v2\/media\/80370"}],"wp:attachment":[{"href":"https:\/\/bozza.com\/es\/wp-json\/wp\/v2\/media?parent=81056"}],"wp:term":[{"taxonomy":"product_brand","embeddable":true,"href":"https:\/\/bozza.com\/es\/wp-json\/wp\/v2\/product_brand?post=81056"},{"taxonomy":"product_cat","embeddable":true,"href":"https:\/\/bozza.com\/es\/wp-json\/wp\/v2\/product_cat?post=81056"},{"taxonomy":"product_tag","embeddable":true,"href":"https:\/\/bozza.com\/es\/wp-json\/wp\/v2\/product_tag?post=81056"}],"curies":[{"name":"wp","href":"https:\/\/api.w.org\/{rel}","templated":true}]}}